{"id":2217,"date":"2019-08-22T09:10:00","date_gmt":"2019-08-22T07:10:00","guid":{"rendered":"http:\/\/sg-andballet.virtus3-projekti.com\/prijava\/"},"modified":"2022-07-05T11:29:59","modified_gmt":"2022-07-05T09:29:59","slug":"prijava","status":"publish","type":"page","link":"https:\/\/andballet.eu\/en\/prijava\/","title":{"rendered":"Prijava"},"content":{"rendered":"<div class=\"wpb-content-wrapper\"><p>[vc_row el_class=&#8221;prijava&#8221;][vc_column][vc_single_image image=&#8221;3192&#8243; img_size=&#8221;full&#8221; alignment=&#8221;center&#8221; style=&#8221;vc_box_shadow_3d&#8221; onclick=&#8221;link_image&#8221; image_hovers=&#8221;false&#8221;]<div id=\"ultimate-heading-40516a05cab6ae7e0\" class=\"uvc-heading ult-adjust-bottom-margin ultimate-heading-40516a05cab6ae7e0 uvc-3039  uvc-heading-default-font-sizes\" data-hspacer=\"no_spacer\"  data-halign=\"center\" style=\"text-align:center\"><div class=\"uvc-heading-spacer no_spacer\" style=\"top\"><\/div><div class=\"uvc-main-heading ult-responsive\"  data-ultimate-target='.uvc-heading.ultimate-heading-40516a05cab6ae7e0 h2'  data-responsive-json-new='{\"font-size\":\"\",\"line-height\":\"\"}' ><h2 style=\"--font-weight:theme;margin-bottom:25px;\">Join us and send an application<\/h2><\/div><div class=\"uvc-sub-heading ult-responsive\"  data-ultimate-target='.uvc-heading.ultimate-heading-40516a05cab6ae7e0 .uvc-sub-heading '  data-responsive-json-new='{\"font-size\":\"\",\"line-height\":\"\"}'  style=\"font-weight:normal;\"><br \/><\/div><\/div>\n<div class=\"wpcf7 no-js\" id=\"wpcf7-f3464-o1\" lang=\"en-GB\" dir=\"ltr\" data-wpcf7-id=\"3464\">\n<div class=\"screen-reader-response\"><p role=\"status\" aria-live=\"polite\" aria-atomic=\"true\"><\/p> <ul><\/ul><\/div>\n<form action=\"\/en\/wp-json\/wp\/v2\/pages\/2217#wpcf7-f3464-o1\" method=\"post\" class=\"wpcf7-form init\" aria-label=\"Contact form\" novalidate=\"novalidate\" data-status=\"init\">\n<fieldset class=\"hidden-fields-container\"><input type=\"hidden\" name=\"_wpcf7\" value=\"3464\" \/><input type=\"hidden\" name=\"_wpcf7_version\" value=\"6.1.5\" \/><input type=\"hidden\" name=\"_wpcf7_locale\" value=\"en_GB\" \/><input type=\"hidden\" name=\"_wpcf7_unit_tag\" value=\"wpcf7-f3464-o1\" \/><input type=\"hidden\" name=\"_wpcf7_container_post\" value=\"0\" \/><input type=\"hidden\" name=\"_wpcf7_posted_data_hash\" value=\"\" \/>\n<\/fieldset>\n<p><label> Name and Surname *<br \/>\n<span class=\"wpcf7-form-control-wrap\" data-name=\"your-name\"><input size=\"40\" maxlength=\"400\" class=\"wpcf7-form-control wpcf7-text wpcf7-validates-as-required\" aria-required=\"true\" aria-invalid=\"false\" value=\"\" type=\"text\" name=\"your-name\" \/><\/span> <\/label>\n<\/p>\n<p><label> E-mail address*<br \/>\n<span class=\"wpcf7-form-control-wrap\" data-name=\"your-email\"><input size=\"40\" maxlength=\"400\" class=\"wpcf7-form-control wpcf7-email wpcf7-validates-as-required wpcf7-text wpcf7-validates-as-email\" aria-required=\"true\" aria-invalid=\"false\" value=\"\" type=\"email\" name=\"your-email\" \/><\/span> <\/label>\n<\/p>\n<p><label> Phone *<br \/>\n<span class=\"wpcf7-form-control-wrap\" data-name=\"your-tel\"><input size=\"40\" maxlength=\"400\" class=\"wpcf7-form-control wpcf7-tel wpcf7-validates-as-required wpcf7-text wpcf7-validates-as-tel\" aria-required=\"true\" aria-invalid=\"false\" value=\"\" type=\"tel\" name=\"your-tel\" \/><\/span> <\/label>\n<\/p>\n<p><label> Program<br \/>\n<span class=\"wpcf7-form-control-wrap\" data-name=\"your-subject\"><input size=\"40\" maxlength=\"400\" class=\"wpcf7-form-control wpcf7-text\" aria-invalid=\"false\" value=\"\" type=\"text\" name=\"your-subject\" \/><\/span> <\/label>\n<\/p>\n<p><label> Your message (optional)<br \/>\n<span class=\"wpcf7-form-control-wrap\" data-name=\"your-message\"><textarea cols=\"40\" rows=\"10\" maxlength=\"2000\" class=\"wpcf7-form-control wpcf7-textarea\" aria-invalid=\"false\" name=\"your-message\"><\/textarea><\/span> <\/label>\n<\/p>\n<p><input class=\"wpcf7-form-control wpcf7-submit has-spinner\" type=\"submit\" value=\"Send\" \/>\n<\/p><div class=\"wpcf7-response-output\" aria-hidden=\"true\"><\/div>\n<\/form>\n<\/div>\n[vc_column_text css=&#8221;.vc_custom_1657013383674{margin-top: 30px !important;}&#8221;]<\/p>\n<p><strong>Consent for the processing of personal data<\/strong><\/p>\n<p>By filling in and sending personal data by entering the application form, you give your consent and agree to the processing of the specified types of personal data for the purpose indicated in the form. You can read more about how your personal data is managed in <a href=\"https:\/\/andballet.eu\/politika-privatnosti\/\" target=\"_blank\" rel=\"noopener noreferrer\">Privacy Policy<\/a>. The data you provide will be used exclusively for the purpose of the application specified in the form and in accordance with legal regulations, and we will store them in accordance with the EU Regulation and the laws of the Republic of Croatia.<\/p>\n<p>[\/vc_column_text][\/vc_column][\/vc_row]<\/p>\n<\/div>","protected":false},"excerpt":{"rendered":"<p>[vc_row el_class=&#8221;prijava&#8221;][vc_column][vc_single_image image=&#8221;3192&#8243; img_size=&#8221;full&#8221; alignment=&#8221;center&#8221; style=&#8221;vc_box_shadow_3d&#8221; onclick=&#8221;link_image&#8221; image_hovers=&#8221;false&#8221;][vc_column_text css=&#8221;.vc_custom_1657013383674{margin-top: 30px !important;}&#8221;] Consent for the processing of personal data By filling in and sending personal data by entering the application form, you give your consent and agree to the processing of the specified types of personal data for the purpose indicated in the form. You can&hellip;<\/p>\n","protected":false},"author":2,"featured_media":0,"parent":0,"menu_order":0,"comment_status":"closed","ping_status":"closed","template":"","meta":{"om_disable_all_campaigns":false,"_exactmetrics_skip_tracking":false,"_exactmetrics_sitenote_active":false,"_exactmetrics_sitenote_note":"","_exactmetrics_sitenote_category":0,"footnotes":""},"class_list":["post-2217","page","type-page","status-publish","hentry","description-off"],"yoast_head":"<!-- This site is optimized with the Yoast SEO plugin v27.6 - https:\/\/yoast.com\/product\/yoast-seo-wordpress\/ -->\n<title>Upis u Plesni centar Andreina soba<\/title>\n<meta name=\"description\" content=\"Na\u0161a su vrata otvorena svakome, neovisno o va\u0161oj dobi, spolu ili fizi\u010dkim pote\u0161ko\u0107ama, pridru\u017eite nam se i upi\u0161ite se u neki od na\u0161h programa\" \/>\n<meta name=\"robots\" content=\"index, follow, max-snippet:-1, max-image-preview:large, max-video-preview:-1\" \/>\n<link rel=\"canonical\" href=\"https:\/\/andballet.eu\/en\/prijava\/\" \/>\n<meta property=\"og:locale\" content=\"en_GB\" \/>\n<meta property=\"og:type\" content=\"article\" \/>\n<meta property=\"og:title\" content=\"Upis u Plesni centar Andreina soba\" \/>\n<meta property=\"og:description\" content=\"Na\u0161a su vrata otvorena svakome, neovisno o va\u0161oj dobi, spolu ili fizi\u010dkim pote\u0161ko\u0107ama, pridru\u017eite nam se i upi\u0161ite se u neki od na\u0161h programa\" \/>\n<meta property=\"og:url\" content=\"https:\/\/andballet.eu\/en\/prijava\/\" \/>\n<meta property=\"og:site_name\" content=\"&amp;Ballet\" \/>\n<meta property=\"article:publisher\" content=\"https:\/\/www.facebook.com\/profile.php?id=100049265121879\" \/>\n<meta property=\"article:modified_time\" content=\"2022-07-05T09:29:59+00:00\" \/>\n<meta name=\"twitter:card\" content=\"summary_large_image\" \/>\n<meta name=\"twitter:label1\" content=\"Estimated reading time\" \/>\n\t<meta name=\"twitter:data1\" content=\"1 minute\" \/>\n<script type=\"application\/ld+json\" class=\"yoast-schema-graph\">{\"@context\":\"https:\\\/\\\/schema.org\",\"@graph\":[{\"@type\":\"WebPage\",\"@id\":\"https:\\\/\\\/andballet.eu\\\/en\\\/prijava\\\/\",\"url\":\"https:\\\/\\\/andballet.eu\\\/en\\\/prijava\\\/\",\"name\":\"Upis u Plesni centar Andreina soba\",\"isPartOf\":{\"@id\":\"https:\\\/\\\/andballet.eu\\\/en\\\/#website\"},\"datePublished\":\"2019-08-22T07:10:00+00:00\",\"dateModified\":\"2022-07-05T09:29:59+00:00\",\"description\":\"Na\u0161a su vrata otvorena svakome, neovisno o va\u0161oj dobi, spolu ili fizi\u010dkim pote\u0161ko\u0107ama, pridru\u017eite nam se i upi\u0161ite se u neki od na\u0161h programa\",\"breadcrumb\":{\"@id\":\"https:\\\/\\\/andballet.eu\\\/en\\\/prijava\\\/#breadcrumb\"},\"inLanguage\":\"en-GB\",\"potentialAction\":[{\"@type\":\"ReadAction\",\"target\":[\"https:\\\/\\\/andballet.eu\\\/en\\\/prijava\\\/\"]}]},{\"@type\":\"BreadcrumbList\",\"@id\":\"https:\\\/\\\/andballet.eu\\\/en\\\/prijava\\\/#breadcrumb\",\"itemListElement\":[{\"@type\":\"ListItem\",\"position\":1,\"name\":\"Po\u010detna stranica\",\"item\":\"https:\\\/\\\/andballet.eu\\\/en\\\/\"},{\"@type\":\"ListItem\",\"position\":2,\"name\":\"Prijava\"}]},{\"@type\":\"WebSite\",\"@id\":\"https:\\\/\\\/andballet.eu\\\/en\\\/#website\",\"url\":\"https:\\\/\\\/andballet.eu\\\/en\\\/\",\"name\":\"&Ballet\",\"description\":\"&amp;Ballet\",\"publisher\":{\"@id\":\"https:\\\/\\\/andballet.eu\\\/en\\\/#organization\"},\"potentialAction\":[{\"@type\":\"SearchAction\",\"target\":{\"@type\":\"EntryPoint\",\"urlTemplate\":\"https:\\\/\\\/andballet.eu\\\/en\\\/?s={search_term_string}\"},\"query-input\":{\"@type\":\"PropertyValueSpecification\",\"valueRequired\":true,\"valueName\":\"search_term_string\"}}],\"inLanguage\":\"en-GB\"},{\"@type\":\"Organization\",\"@id\":\"https:\\\/\\\/andballet.eu\\\/en\\\/#organization\",\"name\":\"&Ballet\",\"url\":\"https:\\\/\\\/andballet.eu\\\/en\\\/\",\"logo\":{\"@type\":\"ImageObject\",\"inLanguage\":\"en-GB\",\"@id\":\"https:\\\/\\\/andballet.eu\\\/en\\\/#\\\/schema\\\/logo\\\/image\\\/\",\"url\":\"https:\\\/\\\/andballet.eu\\\/wp-content\\\/uploads\\\/2022\\\/04\\\/cropped-Logo-transparent-mali.png\",\"contentUrl\":\"https:\\\/\\\/andballet.eu\\\/wp-content\\\/uploads\\\/2022\\\/04\\\/cropped-Logo-transparent-mali.png\",\"width\":148,\"height\":78,\"caption\":\"&Ballet\"},\"image\":{\"@id\":\"https:\\\/\\\/andballet.eu\\\/en\\\/#\\\/schema\\\/logo\\\/image\\\/\"},\"sameAs\":[\"https:\\\/\\\/www.facebook.com\\\/profile.php?id=100049265121879\",\"https:\\\/\\\/www.facebook.com\\\/andrea.solomun\",\"https:\\\/\\\/www.facebook.com\\\/trainingcenterandreasroom\\\/\",\"https:\\\/\\\/www.instagram.com\\\/andreasolomun\\\/\",\"https:\\\/\\\/www.youtube.com\\\/user\\\/AndreaSolomun\",\"https:\\\/\\\/www.instagram.com\\\/andreas.room\"]}]}<\/script>\n<!-- \/ Yoast SEO plugin. -->","yoast_head_json":{"title":"Upis u Plesni centar Andreina soba","description":"Na\u0161a su vrata otvorena svakome, neovisno o va\u0161oj dobi, spolu ili fizi\u010dkim pote\u0161ko\u0107ama, pridru\u017eite nam se i upi\u0161ite se u neki od na\u0161h programa","robots":{"index":"index","follow":"follow","max-snippet":"max-snippet:-1","max-image-preview":"max-image-preview:large","max-video-preview":"max-video-preview:-1"},"canonical":"https:\/\/andballet.eu\/en\/prijava\/","og_locale":"en_GB","og_type":"article","og_title":"Upis u Plesni centar Andreina soba","og_description":"Na\u0161a su vrata otvorena svakome, neovisno o va\u0161oj dobi, spolu ili fizi\u010dkim pote\u0161ko\u0107ama, pridru\u017eite nam se i upi\u0161ite se u neki od na\u0161h programa","og_url":"https:\/\/andballet.eu\/en\/prijava\/","og_site_name":"&amp;Ballet","article_publisher":"https:\/\/www.facebook.com\/profile.php?id=100049265121879","article_modified_time":"2022-07-05T09:29:59+00:00","twitter_card":"summary_large_image","twitter_misc":{"Estimated reading time":"1 minute"},"schema":{"@context":"https:\/\/schema.org","@graph":[{"@type":"WebPage","@id":"https:\/\/andballet.eu\/en\/prijava\/","url":"https:\/\/andballet.eu\/en\/prijava\/","name":"Upis u Plesni centar Andreina soba","isPartOf":{"@id":"https:\/\/andballet.eu\/en\/#website"},"datePublished":"2019-08-22T07:10:00+00:00","dateModified":"2022-07-05T09:29:59+00:00","description":"Na\u0161a su vrata otvorena svakome, neovisno o va\u0161oj dobi, spolu ili fizi\u010dkim pote\u0161ko\u0107ama, pridru\u017eite nam se i upi\u0161ite se u neki od na\u0161h programa","breadcrumb":{"@id":"https:\/\/andballet.eu\/en\/prijava\/#breadcrumb"},"inLanguage":"en-GB","potentialAction":[{"@type":"ReadAction","target":["https:\/\/andballet.eu\/en\/prijava\/"]}]},{"@type":"BreadcrumbList","@id":"https:\/\/andballet.eu\/en\/prijava\/#breadcrumb","itemListElement":[{"@type":"ListItem","position":1,"name":"Po\u010detna stranica","item":"https:\/\/andballet.eu\/en\/"},{"@type":"ListItem","position":2,"name":"Prijava"}]},{"@type":"WebSite","@id":"https:\/\/andballet.eu\/en\/#website","url":"https:\/\/andballet.eu\/en\/","name":"&Ballet","description":"&amp;Ballet","publisher":{"@id":"https:\/\/andballet.eu\/en\/#organization"},"potentialAction":[{"@type":"SearchAction","target":{"@type":"EntryPoint","urlTemplate":"https:\/\/andballet.eu\/en\/?s={search_term_string}"},"query-input":{"@type":"PropertyValueSpecification","valueRequired":true,"valueName":"search_term_string"}}],"inLanguage":"en-GB"},{"@type":"Organization","@id":"https:\/\/andballet.eu\/en\/#organization","name":"&Ballet","url":"https:\/\/andballet.eu\/en\/","logo":{"@type":"ImageObject","inLanguage":"en-GB","@id":"https:\/\/andballet.eu\/en\/#\/schema\/logo\/image\/","url":"https:\/\/andballet.eu\/wp-content\/uploads\/2022\/04\/cropped-Logo-transparent-mali.png","contentUrl":"https:\/\/andballet.eu\/wp-content\/uploads\/2022\/04\/cropped-Logo-transparent-mali.png","width":148,"height":78,"caption":"&Ballet"},"image":{"@id":"https:\/\/andballet.eu\/en\/#\/schema\/logo\/image\/"},"sameAs":["https:\/\/www.facebook.com\/profile.php?id=100049265121879","https:\/\/www.facebook.com\/andrea.solomun","https:\/\/www.facebook.com\/trainingcenterandreasroom\/","https:\/\/www.instagram.com\/andreasolomun\/","https:\/\/www.youtube.com\/user\/AndreaSolomun","https:\/\/www.instagram.com\/andreas.room"]}]}},"_links":{"self":[{"href":"https:\/\/andballet.eu\/en\/wp-json\/wp\/v2\/pages\/2217","targetHints":{"allow":["GET"]}}],"collection":[{"href":"https:\/\/andballet.eu\/en\/wp-json\/wp\/v2\/pages"}],"about":[{"href":"https:\/\/andballet.eu\/en\/wp-json\/wp\/v2\/types\/page"}],"author":[{"embeddable":true,"href":"https:\/\/andballet.eu\/en\/wp-json\/wp\/v2\/users\/2"}],"replies":[{"embeddable":true,"href":"https:\/\/andballet.eu\/en\/wp-json\/wp\/v2\/comments?post=2217"}],"version-history":[{"count":10,"href":"https:\/\/andballet.eu\/en\/wp-json\/wp\/v2\/pages\/2217\/revisions"}],"predecessor-version":[{"id":3370,"href":"https:\/\/andballet.eu\/en\/wp-json\/wp\/v2\/pages\/2217\/revisions\/3370"}],"wp:attachment":[{"href":"https:\/\/andballet.eu\/en\/wp-json\/wp\/v2\/media?parent=2217"}],"curies":[{"name":"wp","href":"https:\/\/api.w.org\/{rel}","templated":true}]}}